{"id":1626,"date":"2025-09-20T22:14:25","date_gmt":"2025-09-20T19:14:25","guid":{"rendered":"https:\/\/candlewide.com\/ostukorv\/"},"modified":"2026-01-06T18:59:16","modified_gmt":"2026-01-06T16:59:16","slug":"ostukorv","status":"publish","type":"page","link":"https:\/\/candlewide.com\/et\/ostukorv\/","title":{"rendered":"Ostukorv"},"content":{"rendered":"\n<div data-block-name=\"woocommerce\/cart\" class=\"wp-block-woocommerce-cart alignwide is-loading\">\n<div data-block-name=\"woocommerce\/filled-cart-block\" class=\"wp-block-woocommerce-filled-cart-block\">\n<div data-block-name=\"woocommerce\/cart-items-block\" class=\"wp-block-woocommerce-cart-items-block\">\n<div data-block-name=\"woocommerce\/cart-line-items-block\" class=\"wp-block-woocommerce-cart-line-items-block\"><\/div>\n\n\n\n<div data-block-name=\"woocommerce\/cart-cross-sells-block\" class=\"wp-block-woocommerce-cart-cross-sells-block\">\n<h2 class=\"wp-block-heading has-large-font-size\">Sa v\u00f5id olla huvitatud ka&#8230;<\/h2>\n\n\n\n<div data-block-name=\"woocommerce\/cart-cross-sells-products-block\" class=\"wp-block-woocommerce-cart-cross-sells-products-block\"><\/div>\n<\/div>\n<\/div>\n\n\n\n<div data-block-name=\"woocommerce\/cart-totals-block\" class=\"wp-block-woocommerce-cart-totals-block\">\n<div data-block-name=\"woocommerce\/cart-order-summary-block\" class=\"wp-block-woocommerce-cart-order-summary-block\">\n<div data-block-name=\"woocommerce\/cart-order-summary-heading-block\" class=\"wp-block-woocommerce-cart-order-summary-heading-block\"><\/div><div data-block-name=\"woocommerce\/cart-order-summary-coupon-form-block\" class=\"wp-block-woocommerce-cart-order-summary-coupon-form-block\"><\/div><div data-block-name=\"woocommerce\/cart-order-summary-totals-block\" class=\"wp-block-woocommerce-cart-order-summary-totals-block\">\n<div data-block-name=\"woocommerce\/cart-order-summary-subtotal-block\" class=\"wp-block-woocommerce-cart-order-summary-subtotal-block\"><\/div>\n<div data-block-name=\"woocommerce\/cart-order-summary-discount-block\" class=\"wp-block-woocommerce-cart-order-summary-discount-block\"><\/div>\n<div data-block-name=\"woocommerce\/cart-order-summary-fee-block\" class=\"wp-block-woocommerce-cart-order-summary-fee-block\"><\/div>\n<div data-block-name=\"woocommerce\/cart-order-summary-shipping-block\" class=\"wp-block-woocommerce-cart-order-summary-shipping-block\"><\/div>\n<div data-block-name=\"woocommerce\/cart-order-summary-taxes-block\" class=\"wp-block-woocommerce-cart-order-summary-taxes-block\"><\/div><\/div>\n<\/div>\n\n\n\n<div data-block-name=\"woocommerce\/cart-express-payment-block\" class=\"wp-block-woocommerce-cart-express-payment-block\"><\/div>\n\n\n\n<div data-block-name=\"woocommerce\/proceed-to-checkout-block\" class=\"wp-block-woocommerce-proceed-to-checkout-block\"><\/div>\n\n\n\n<div data-block-name=\"woocommerce\/cart-accepted-payment-methods-block\" class=\"wp-block-woocommerce-cart-accepted-payment-methods-block\"><\/div>\n<\/div>\n<\/div>\n\n\n\n<div data-block-name=\"woocommerce\/empty-cart-block\" class=\"wp-block-woocommerce-empty-cart-block\">\n<h2 class=\"wp-block-heading has-text-align-center with-empty-cart-icon wc-block-cart__empty-cart__title\">Su ostukorv on hetkel t\u00fchi!<\/h2>\n\n\n\n<hr class=\"wp-block-separator has-alpha-channel-opacity is-style-dots\"\/>\n\n\n\n<h2 class=\"wp-block-heading has-text-align-center\">New in store<\/h2>\n\n\n<div data-block-name=\"woocommerce\/product-new\" data-columns=\"4\" data-rows=\"1\" class=\"wc-block-grid wp-block-product-new wp-block-woocommerce-product-new wc-block-product-new has-4-columns\"><ul class=\"wc-block-grid__products\"><li class=\"wc-block-grid__product\">\n\t\t\t\t<a href=\"https:\/\/candlewide.com\/et\/toode\/laia-leegiga-kuunlataidis\/\" class=\"wc-block-grid__product-link\">\n\t\t\t\t\t\n\t\t\t\t\t<div class=\"wc-block-grid__product-image\"><img fetchpriority=\"high\" decoding=\"async\" width=\"600\" height=\"600\" src=\"https:\/\/candlewide.com\/wp-content\/uploads\/2026\/01\/candlewide-wide-wick-refill-natural-wax-600x600.jpg\" class=\"attachment-woocommerce_thumbnail size-woocommerce_thumbnail\" alt=\"Candlewide laiatahiga k\u00fc\u00fcnla t\u00e4idis looduslikust taimsel baasil vahast\" srcset=\"https:\/\/candlewide.com\/wp-content\/uploads\/2026\/01\/candlewide-wide-wick-refill-natural-wax-600x600.jpg 600w, https:\/\/candlewide.com\/wp-content\/uploads\/2026\/01\/candlewide-wide-wick-refill-natural-wax-300x300.jpg 300w, https:\/\/candlewide.com\/wp-content\/uploads\/2026\/01\/candlewide-wide-wick-refill-natural-wax-1024x1024.jpg 1024w, https:\/\/candlewide.com\/wp-content\/uploads\/2026\/01\/candlewide-wide-wick-refill-natural-wax-150x150.jpg 150w, https:\/\/candlewide.com\/wp-content\/uploads\/2026\/01\/candlewide-wide-wick-refill-natural-wax-768x768.jpg 768w, https:\/\/candlewide.com\/wp-content\/uploads\/2026\/01\/candlewide-wide-wick-refill-natural-wax-1536x1536.jpg 1536w, https:\/\/candlewide.com\/wp-content\/uploads\/2026\/01\/candlewide-wide-wick-refill-natural-wax-400x400.jpg 400w, https:\/\/candlewide.com\/wp-content\/uploads\/2026\/01\/candlewide-wide-wick-refill-natural-wax-100x100.jpg 100w, https:\/\/candlewide.com\/wp-content\/uploads\/2026\/01\/candlewide-wide-wick-refill-natural-wax.jpg 2000w\" sizes=\"(max-width: 600px) 100vw, 600px\" \/><\/div>\n\t\t\t\t\t<div class=\"wc-block-grid__product-title\">Candlewide T\u00e4idis \u2013 looduslik laia leegiga k\u00fc\u00fcnlat\u00e4idis<\/div>\n\t\t\t\t<\/a>\n\t\t\t\t<div class=\"wc-block-grid__product-price price\"><\/div>\n\t\t\t\t\n\t\t\t\t<div class=\"wp-block-button wc-block-grid__product-add-to-cart\"><a href=\"https:\/\/candlewide.com\/et\/toode\/laia-leegiga-kuunlataidis\/\" aria-label=\"Loe l\u00e4hemalt &ldquo;Candlewide T\u00e4idis \u2013 looduslik laia leegiga k\u00fc\u00fcnlat\u00e4idis&rdquo; kohta\" data-quantity=\"1\" data-product_id=\"1661\" data-product_sku=\"\" data-price=\"0\" rel=\"nofollow\" class=\"wp-block-button__link  add_to_cart_button\">Loe edasi<\/a><\/div>\n\t\t\t<\/li><li class=\"wc-block-grid__product\">\n\t\t\t\t<a href=\"https:\/\/candlewide.com\/et\/toode\/onyx-must-keraamiline-kuunlakomplekt\/\" class=\"wc-block-grid__product-link\">\n\t\t\t\t\t\n\t\t\t\t\t<div class=\"wc-block-grid__product-image\"><img decoding=\"async\" width=\"600\" height=\"600\" src=\"https:\/\/candlewide.com\/wp-content\/uploads\/2026\/01\/candlewide-onyx-black-refillable-ceramic-candle-wide-flame-600x600.jpg\" class=\"attachment-woocommerce_thumbnail size-woocommerce_thumbnail\" alt=\"Candlewide Onyx Black korduvt\u00e4idetav keraamiline k\u00fc\u00fcnal laia elava leegiga\" srcset=\"https:\/\/candlewide.com\/wp-content\/uploads\/2026\/01\/candlewide-onyx-black-refillable-ceramic-candle-wide-flame-600x600.jpg 600w, https:\/\/candlewide.com\/wp-content\/uploads\/2026\/01\/candlewide-onyx-black-refillable-ceramic-candle-wide-flame-300x300.jpg 300w, https:\/\/candlewide.com\/wp-content\/uploads\/2026\/01\/candlewide-onyx-black-refillable-ceramic-candle-wide-flame-1024x1024.jpg 1024w, https:\/\/candlewide.com\/wp-content\/uploads\/2026\/01\/candlewide-onyx-black-refillable-ceramic-candle-wide-flame-150x150.jpg 150w, https:\/\/candlewide.com\/wp-content\/uploads\/2026\/01\/candlewide-onyx-black-refillable-ceramic-candle-wide-flame-768x768.jpg 768w, https:\/\/candlewide.com\/wp-content\/uploads\/2026\/01\/candlewide-onyx-black-refillable-ceramic-candle-wide-flame-1536x1536.jpg 1536w, https:\/\/candlewide.com\/wp-content\/uploads\/2026\/01\/candlewide-onyx-black-refillable-ceramic-candle-wide-flame-400x400.jpg 400w, https:\/\/candlewide.com\/wp-content\/uploads\/2026\/01\/candlewide-onyx-black-refillable-ceramic-candle-wide-flame-100x100.jpg 100w, https:\/\/candlewide.com\/wp-content\/uploads\/2026\/01\/candlewide-onyx-black-refillable-ceramic-candle-wide-flame.jpg 2000w\" sizes=\"(max-width: 600px) 100vw, 600px\" \/><\/div>\n\t\t\t\t\t<div class=\"wc-block-grid__product-title\">Candlewide Onyx Must \u2013 taast\u00e4idetav keraamiline k\u00fc\u00fcnlakomplekt<\/div>\n\t\t\t\t<\/a>\n\t\t\t\t<div class=\"wc-block-grid__product-price price\"><\/div>\n\t\t\t\t\n\t\t\t\t<div class=\"wp-block-button wc-block-grid__product-add-to-cart\"><a href=\"https:\/\/candlewide.com\/et\/toode\/onyx-must-keraamiline-kuunlakomplekt\/\" aria-label=\"Loe l\u00e4hemalt &ldquo;Candlewide Onyx Must \u2013 taast\u00e4idetav keraamiline k\u00fc\u00fcnlakomplekt&rdquo; kohta\" data-quantity=\"1\" data-product_id=\"1659\" data-product_sku=\"\" data-price=\"0\" rel=\"nofollow\" class=\"wp-block-button__link  add_to_cart_button\">Loe edasi<\/a><\/div>\n\t\t\t<\/li><li class=\"wc-block-grid__product\">\n\t\t\t\t<a href=\"https:\/\/candlewide.com\/et\/toode\/umber-beez-keraamiline-kuunlakomplekt\/\" class=\"wc-block-grid__product-link\">\n\t\t\t\t\t\n\t\t\t\t\t<div class=\"wc-block-grid__product-image\"><img decoding=\"async\" width=\"600\" height=\"600\" src=\"https:\/\/candlewide.com\/wp-content\/uploads\/2026\/01\/candlewide-umber-beige-refillable-ceramic-candle-wide-flame-600x600.jpg\" class=\"attachment-woocommerce_thumbnail size-woocommerce_thumbnail\" alt=\"Candlewide Umber Bee\u017e taast\u00e4idetav keraamiline k\u00fc\u00fcnal laia elava leegiga\" srcset=\"https:\/\/candlewide.com\/wp-content\/uploads\/2026\/01\/candlewide-umber-beige-refillable-ceramic-candle-wide-flame-600x600.jpg 600w, https:\/\/candlewide.com\/wp-content\/uploads\/2026\/01\/candlewide-umber-beige-refillable-ceramic-candle-wide-flame-300x300.jpg 300w, https:\/\/candlewide.com\/wp-content\/uploads\/2026\/01\/candlewide-umber-beige-refillable-ceramic-candle-wide-flame-1024x1024.jpg 1024w, https:\/\/candlewide.com\/wp-content\/uploads\/2026\/01\/candlewide-umber-beige-refillable-ceramic-candle-wide-flame-150x150.jpg 150w, https:\/\/candlewide.com\/wp-content\/uploads\/2026\/01\/candlewide-umber-beige-refillable-ceramic-candle-wide-flame-768x768.jpg 768w, https:\/\/candlewide.com\/wp-content\/uploads\/2026\/01\/candlewide-umber-beige-refillable-ceramic-candle-wide-flame-1536x1536.jpg 1536w, https:\/\/candlewide.com\/wp-content\/uploads\/2026\/01\/candlewide-umber-beige-refillable-ceramic-candle-wide-flame-400x400.jpg 400w, https:\/\/candlewide.com\/wp-content\/uploads\/2026\/01\/candlewide-umber-beige-refillable-ceramic-candle-wide-flame-100x100.jpg 100w, https:\/\/candlewide.com\/wp-content\/uploads\/2026\/01\/candlewide-umber-beige-refillable-ceramic-candle-wide-flame.jpg 2000w\" sizes=\"(max-width: 600px) 100vw, 600px\" \/><\/div>\n\t\t\t\t\t<div class=\"wc-block-grid__product-title\">Candlewide Umber Bee\u017e \u2013 taast\u00e4idetav keraamiline k\u00fc\u00fcnlakomplekt<\/div>\n\t\t\t\t<\/a>\n\t\t\t\t<div class=\"wc-block-grid__product-price price\"><\/div>\n\t\t\t\t\n\t\t\t\t<div class=\"wp-block-button wc-block-grid__product-add-to-cart\"><a href=\"https:\/\/candlewide.com\/et\/toode\/umber-beez-keraamiline-kuunlakomplekt\/\" aria-label=\"Loe l\u00e4hemalt &ldquo;Candlewide Umber Bee\u017e \u2013 taast\u00e4idetav keraamiline k\u00fc\u00fcnlakomplekt&rdquo; kohta\" data-quantity=\"1\" data-product_id=\"1639\" data-product_sku=\"\" data-price=\"0\" rel=\"nofollow\" class=\"wp-block-button__link  add_to_cart_button\">Loe edasi<\/a><\/div>\n\t\t\t<\/li><li class=\"wc-block-grid__product\">\n\t\t\t\t<a href=\"https:\/\/candlewide.com\/et\/toode\/alabaster-valge-keraamiline-kuunlakomplekt\/\" class=\"wc-block-grid__product-link\">\n\t\t\t\t\t\n\t\t\t\t\t<div class=\"wc-block-grid__product-image\"><img loading=\"lazy\" decoding=\"async\" width=\"600\" height=\"600\" src=\"https:\/\/candlewide.com\/wp-content\/uploads\/2026\/01\/candlewide-alabaster-white-refillable-ceramic-candle-600x600.jpg\" class=\"attachment-woocommerce_thumbnail size-woocommerce_thumbnail\" alt=\"Candlewide Alabaster Valge taast\u00e4idetav keraamiline k\u00fc\u00fcnal laia elava leegiga\" srcset=\"https:\/\/candlewide.com\/wp-content\/uploads\/2026\/01\/candlewide-alabaster-white-refillable-ceramic-candle-600x600.jpg 600w, https:\/\/candlewide.com\/wp-content\/uploads\/2026\/01\/candlewide-alabaster-white-refillable-ceramic-candle-300x300.jpg 300w, https:\/\/candlewide.com\/wp-content\/uploads\/2026\/01\/candlewide-alabaster-white-refillable-ceramic-candle-1024x1024.jpg 1024w, https:\/\/candlewide.com\/wp-content\/uploads\/2026\/01\/candlewide-alabaster-white-refillable-ceramic-candle-150x150.jpg 150w, https:\/\/candlewide.com\/wp-content\/uploads\/2026\/01\/candlewide-alabaster-white-refillable-ceramic-candle-768x768.jpg 768w, https:\/\/candlewide.com\/wp-content\/uploads\/2026\/01\/candlewide-alabaster-white-refillable-ceramic-candle-1536x1536.jpg 1536w, https:\/\/candlewide.com\/wp-content\/uploads\/2026\/01\/candlewide-alabaster-white-refillable-ceramic-candle-400x400.jpg 400w, https:\/\/candlewide.com\/wp-content\/uploads\/2026\/01\/candlewide-alabaster-white-refillable-ceramic-candle-100x100.jpg 100w, https:\/\/candlewide.com\/wp-content\/uploads\/2026\/01\/candlewide-alabaster-white-refillable-ceramic-candle.jpg 2000w\" sizes=\"(max-width: 600px) 100vw, 600px\" \/><\/div>\n\t\t\t\t\t<div class=\"wc-block-grid__product-title\">Candlewide Alabaster Valge \u2013 taast\u00e4idetav keraamiline k\u00fc\u00fcnlakomplekt<\/div>\n\t\t\t\t<\/a>\n\t\t\t\t<div class=\"wc-block-grid__product-price price\"><\/div>\n\t\t\t\t\n\t\t\t\t<div class=\"wp-block-button wc-block-grid__product-add-to-cart\"><a href=\"https:\/\/candlewide.com\/et\/toode\/alabaster-valge-keraamiline-kuunlakomplekt\/\" aria-label=\"Loe l\u00e4hemalt &ldquo;Candlewide Alabaster Valge \u2013 taast\u00e4idetav keraamiline k\u00fc\u00fcnlakomplekt&rdquo; kohta\" data-quantity=\"1\" data-product_id=\"1637\" data-product_sku=\"\" data-price=\"0\" rel=\"nofollow\" class=\"wp-block-button__link  add_to_cart_button\">Loe edasi<\/a><\/div>\n\t\t\t<\/li><\/ul><\/div><\/div>\n<\/div>\n","protected":false},"excerpt":{"rendered":"","protected":false},"author":1,"featured_media":0,"parent":0,"menu_order":0,"comment_status":"closed","ping_status":"closed","template":"","meta":{"_acf_changed":false,"footnotes":""},"class_list":["post-1626","page","type-page","status-publish","hentry"],"acf":[],"yoast_head":"<!-- This site is optimized with the Yoast SEO plugin v26.0 - https:\/\/yoast.com\/wordpress\/plugins\/seo\/ -->\n<title>Ostukorv - Candlewide<\/title>\n<meta name=\"robots\" content=\"index, follow, max-snippet:-1, max-image-preview:large, max-video-preview:-1\" \/>\n<link rel=\"canonical\" href=\"https:\/\/candlewide.com\/et\/ostukorv\/\" \/>\n<meta property=\"og:locale\" content=\"et_EE\" \/>\n<meta property=\"og:type\" content=\"article\" \/>\n<meta property=\"og:title\" content=\"Ostukorv - Candlewide\" \/>\n<meta property=\"og:url\" content=\"https:\/\/candlewide.com\/et\/ostukorv\/\" \/>\n<meta property=\"og:site_name\" content=\"Candlewide\" \/>\n<meta property=\"article:modified_time\" content=\"2026-01-06T16:59:16+00:00\" \/>\n<meta property=\"og:image\" content=\"https:\/\/candlewide.com\/wp-content\/uploads\/2025\/12\/candlewide-gift-box-held_1200x675.jpg\" \/>\n\t<meta property=\"og:image:width\" content=\"1200\" \/>\n\t<meta property=\"og:image:height\" content=\"675\" \/>\n\t<meta property=\"og:image:type\" content=\"image\/jpeg\" \/>\n<meta name=\"twitter:card\" content=\"summary_large_image\" \/>\n<script type=\"application\/ld+json\" class=\"yoast-schema-graph\">{\"@context\":\"https:\/\/schema.org\",\"@graph\":[{\"@type\":\"WebPage\",\"@id\":\"https:\/\/candlewide.com\/et\/ostukorv\/\",\"url\":\"https:\/\/candlewide.com\/et\/ostukorv\/\",\"name\":\"Ostukorv - Candlewide\",\"isPartOf\":{\"@id\":\"https:\/\/candlewide.com\/et\/#website\"},\"datePublished\":\"2025-09-20T19:14:25+00:00\",\"dateModified\":\"2026-01-06T16:59:16+00:00\",\"breadcrumb\":{\"@id\":\"https:\/\/candlewide.com\/et\/ostukorv\/#breadcrumb\"},\"inLanguage\":\"et\",\"potentialAction\":[{\"@type\":\"ReadAction\",\"target\":[\"https:\/\/candlewide.com\/et\/ostukorv\/\"]}]},{\"@type\":\"BreadcrumbList\",\"@id\":\"https:\/\/candlewide.com\/et\/ostukorv\/#breadcrumb\",\"itemListElement\":[{\"@type\":\"ListItem\",\"position\":1,\"name\":\"Home\",\"item\":\"https:\/\/candlewide.com\/et\/\"},{\"@type\":\"ListItem\",\"position\":2,\"name\":\"Ostukorv\"}]},{\"@type\":\"WebSite\",\"@id\":\"https:\/\/candlewide.com\/et\/#website\",\"url\":\"https:\/\/candlewide.com\/et\/\",\"name\":\"Candlewide\",\"description\":\"\",\"potentialAction\":[{\"@type\":\"SearchAction\",\"target\":{\"@type\":\"EntryPoint\",\"urlTemplate\":\"https:\/\/candlewide.com\/et\/?s={search_term_string}\"},\"query-input\":{\"@type\":\"PropertyValueSpecification\",\"valueRequired\":true,\"valueName\":\"search_term_string\"}}],\"inLanguage\":\"et\"}]}<\/script>\n<!-- \/ Yoast SEO plugin. -->","yoast_head_json":{"title":"Ostukorv - Candlewide","robots":{"index":"index","follow":"follow","max-snippet":"max-snippet:-1","max-image-preview":"max-image-preview:large","max-video-preview":"max-video-preview:-1"},"canonical":"https:\/\/candlewide.com\/et\/ostukorv\/","og_locale":"et_EE","og_type":"article","og_title":"Ostukorv - Candlewide","og_url":"https:\/\/candlewide.com\/et\/ostukorv\/","og_site_name":"Candlewide","article_modified_time":"2026-01-06T16:59:16+00:00","og_image":[{"width":1200,"height":675,"url":"https:\/\/candlewide.com\/wp-content\/uploads\/2025\/12\/candlewide-gift-box-held_1200x675.jpg","type":"image\/jpeg"}],"twitter_card":"summary_large_image","schema":{"@context":"https:\/\/schema.org","@graph":[{"@type":"WebPage","@id":"https:\/\/candlewide.com\/et\/ostukorv\/","url":"https:\/\/candlewide.com\/et\/ostukorv\/","name":"Ostukorv - Candlewide","isPartOf":{"@id":"https:\/\/candlewide.com\/et\/#website"},"datePublished":"2025-09-20T19:14:25+00:00","dateModified":"2026-01-06T16:59:16+00:00","breadcrumb":{"@id":"https:\/\/candlewide.com\/et\/ostukorv\/#breadcrumb"},"inLanguage":"et","potentialAction":[{"@type":"ReadAction","target":["https:\/\/candlewide.com\/et\/ostukorv\/"]}]},{"@type":"BreadcrumbList","@id":"https:\/\/candlewide.com\/et\/ostukorv\/#breadcrumb","itemListElement":[{"@type":"ListItem","position":1,"name":"Home","item":"https:\/\/candlewide.com\/et\/"},{"@type":"ListItem","position":2,"name":"Ostukorv"}]},{"@type":"WebSite","@id":"https:\/\/candlewide.com\/et\/#website","url":"https:\/\/candlewide.com\/et\/","name":"Candlewide","description":"","potentialAction":[{"@type":"SearchAction","target":{"@type":"EntryPoint","urlTemplate":"https:\/\/candlewide.com\/et\/?s={search_term_string}"},"query-input":{"@type":"PropertyValueSpecification","valueRequired":true,"valueName":"search_term_string"}}],"inLanguage":"et"}]}},"_links":{"self":[{"href":"https:\/\/candlewide.com\/et\/wp-json\/wp\/v2\/pages\/1626","targetHints":{"allow":["GET"]}}],"collection":[{"href":"https:\/\/candlewide.com\/et\/wp-json\/wp\/v2\/pages"}],"about":[{"href":"https:\/\/candlewide.com\/et\/wp-json\/wp\/v2\/types\/page"}],"author":[{"embeddable":true,"href":"https:\/\/candlewide.com\/et\/wp-json\/wp\/v2\/users\/1"}],"replies":[{"embeddable":true,"href":"https:\/\/candlewide.com\/et\/wp-json\/wp\/v2\/comments?post=1626"}],"version-history":[{"count":0,"href":"https:\/\/candlewide.com\/et\/wp-json\/wp\/v2\/pages\/1626\/revisions"}],"wp:attachment":[{"href":"https:\/\/candlewide.com\/et\/wp-json\/wp\/v2\/media?parent=1626"}],"curies":[{"name":"wp","href":"https:\/\/api.w.org\/{rel}","templated":true}]}}